{"id":976,"date":"2022-05-26T14:29:37","date_gmt":"2022-05-26T12:29:37","guid":{"rendered":"http:\/\/restaurantmiralles.com\/?page_id=976"},"modified":"2023-07-21T09:50:19","modified_gmt":"2023-07-21T07:50:19","slug":"avis-legal","status":"publish","type":"page","link":"https:\/\/restaurantmiralles.com\/es\/avis-legal\/","title":{"rendered":"Aviso legal"},"content":{"rendered":"<div data-elementor-type=\"wp-page\" data-elementor-id=\"976\" class=\"elementor elementor-976\" data-elementor-post-type=\"page\">\n\t\t\t\t\t\t<section class=\"elementor-section elementor-top-section elementor-element elementor-element-56ba5f7e elementor-section-boxed elementor-section-height-default elementor-section-height-default\" data-id=\"56ba5f7e\" data-element_type=\"section\" data-e-type=\"section\">\n\t\t\t\t\t\t<div class=\"elementor-container elementor-column-gap-default\">\n\t\t\t\t\t<div class=\"elementor-column elementor-col-100 elementor-top-column elementor-element elementor-element-7a9c335c\" data-id=\"7a9c335c\" data-element_type=\"column\" data-e-type=\"column\">\n\t\t\t<div class=\"elementor-widget-wrap elementor-element-populated\">\n\t\t\t\t\t\t<div class=\"elementor-element elementor-element-12a66780 elementor-widget elementor-widget-heading\" data-id=\"12a66780\" data-element_type=\"widget\" data-e-type=\"widget\" data-widget_type=\"heading.default\">\n\t\t\t\t\t<h2 class=\"elementor-heading-title elementor-size-default\">Aviso legal<\/h2>\t\t\t\t<\/div>\n\t\t\t\t\t<\/div>\n\t\t<\/div>\n\t\t\t\t\t<\/div>\n\t\t<\/section>\n\t\t\t\t<section class=\"elementor-section elementor-top-section elementor-element elementor-element-68b7ee94 elementor-section-boxed elementor-section-height-default elementor-section-height-default\" data-id=\"68b7ee94\" data-element_type=\"section\" data-e-type=\"section\">\n\t\t\t\t\t\t<div class=\"elementor-container elementor-column-gap-default\">\n\t\t\t\t\t<div class=\"elementor-column elementor-col-100 elementor-top-column elementor-element elementor-element-68da8d1\" data-id=\"68da8d1\" data-element_type=\"column\" data-e-type=\"column\">\n\t\t\t<div class=\"elementor-widget-wrap elementor-element-populated\">\n\t\t\t\t\t\t<div class=\"elementor-element elementor-element-5ec6e4e elementor-widget elementor-widget-text-editor\" data-id=\"5ec6e4e\" data-element_type=\"widget\" data-e-type=\"widget\" data-widget_type=\"text-editor.default\">\n\t\t\t\t\t\t\t\t\t<p><b style=\"font-family: var( --e-global-typography-text-font-family ), Sans-serif; font-size: var( --e-global-typography-text-font-size ); font-style: var( --e-global-typography-text-font-style ); text-transform: var( --e-global-typography-text-text-transform ); background-color: var( --e-global-color-b408008 ); color: var(--wp--preset--color--foreground);\"><span style=\"font-family: var( --e-global-typography-text-font-family ), Sans-serif; font-size: var( --e-global-typography-text-font-size ); font-style: var( --e-global-typography-text-font-style ); text-transform: var( --e-global-typography-text-text-transform ); background-color: var( --e-global-color-b408008 ); color: var(--wp--preset--color--foreground);\">1. Informaci\u00f3 general<\/span><\/b><br><\/p>\n<p><span style=\"font-family: var( --e-global-typography-text-font-family ), Sans-serif; font-size: var( --e-global-typography-text-font-size ); font-style: var( --e-global-typography-text-font-style ); font-weight: var( --e-global-typography-text-font-weight ); text-transform: var( --e-global-typography-text-text-transform ); background-color: var( --e-global-color-b408008 ); color: var(--wp--preset--color--foreground);\">En compliment amb l&#8217;article 10 de la Llei 34\/2002, de 11 de juliol, de Serveis de la Societat de la Informaci\u00f3 i de Comer\u00e7 Electr\u00f2nic, s&#8217;exposen a continuaci\u00f3 les dades identificatives del lloc web <\/span><a href=\"http:\/\/restaurantmiralles.com\/es\/\"><span style=\"font-family: var( --e-global-typography-text-font-family ), Sans-serif; font-size: var( --e-global-typography-text-font-size ); font-style: var( --e-global-typography-text-font-style ); text-transform: var( --e-global-typography-text-text-transform ); background-color: var( --e-global-color-b408008 ); color: var(--wp--preset--color--foreground);\"><b>www.restaurantmiralles.com<\/b><\/span><\/a><span style=\"font-family: var( --e-global-typography-text-font-family ), Sans-serif; font-size: var( --e-global-typography-text-font-size ); font-style: var( --e-global-typography-text-font-style ); font-weight: var( --e-global-typography-text-font-weight ); text-transform: var( --e-global-typography-text-text-transform ); background-color: var( --e-global-color-b408008 ); color: var(--wp--preset--color--foreground);\">:<\/span><\/p>\n<p><span style=\"font-family: var( --e-global-typography-text-font-family ), Sans-serif; font-size: var( --e-global-typography-text-font-size ); font-style: var( --e-global-typography-text-font-style ); font-weight: var( --e-global-typography-text-font-weight ); text-transform: var( --e-global-typography-text-text-transform ); background-color: var( --e-global-color-b408008 ); color: var(--wp--preset--color--foreground);\">Titular: Germans Juanola S.C<\/span><\/p>\n<p>NIF: J55295026<\/p>\n<p>Adre\u00e7a: c\/Bernat Metge, 3-1, 1, 17490 Llan\u00e7\u00e0 (Girona) &#8211; Espanya<\/p>\n<p>Tel\u00e8fon de contacte: <b>609 58 03 92<\/b><\/p>\n<p>Email de contacte:<b> hola@restaurantmiralles.com<\/b><\/p>\n<p><b>2. Objecte<\/b><\/p>\n<p><span style=\"font-family: var( --e-global-typography-text-font-family ), Sans-serif; font-size: var( --e-global-typography-text-font-size ); font-style: var( --e-global-typography-text-font-style ); font-weight: var( --e-global-typography-text-font-weight ); text-transform: var( --e-global-typography-text-text-transform ); background-color: var( --e-global-color-b408008 ); color: var(--wp--preset--color--foreground);\">Aquest av\u00eds legal estableix les condicions d&#8217;\u00fas del lloc web <strong><a href=\"http:\/\/restaurantmiralles.com\/es\/\">www.restaurantmiralles.com<\/a><\/strong>. L&#8217;acc\u00e9s a aquest lloc web implica la lectura i acceptaci\u00f3 expressa i sense reserves per part de l&#8217;usuari de les condicions d&#8217;\u00fas que s&#8217;exposen a continuaci\u00f3. En cas de no acceptar aquestes condicions, l&#8217;usuari haur\u00e0 de s&#8217;abstindr\u00e0 de fer \u00fas del lloc web i dels serveis oferts en ell.<\/span><\/p>\n<p><span style=\"font-family: var( --e-global-typography-text-font-family ), Sans-serif; font-size: var( --e-global-typography-text-font-size ); font-style: var( --e-global-typography-text-font-style ); font-weight: var( --e-global-typography-text-font-weight ); text-transform: var( --e-global-typography-text-text-transform ); background-color: var( --e-global-color-b408008 ); color: var(--wp--preset--color--foreground);\">&nbsp;<\/span><\/p>\n<p><b><span style=\"font-family: var( --e-global-typography-text-font-family ), Sans-serif; font-size: var( --e-global-typography-text-font-size ); font-style: var( --e-global-typography-text-font-style ); text-transform: var( --e-global-typography-text-text-transform ); background-color: var( --e-global-color-b408008 ); color: var(--wp--preset--color--foreground);\">3. Propietat Intel\u00b7lectual i Industrial<\/span><br><\/b><\/p>\n<p><span style=\"font-family: var( --e-global-typography-text-font-family ), Sans-serif; font-size: var( --e-global-typography-text-font-size ); font-style: var( --e-global-typography-text-font-style ); font-weight: var( --e-global-typography-text-font-weight ); text-transform: var( --e-global-typography-text-text-transform ); background-color: var( --e-global-color-b408008 ); color: var(--wp--preset--color--foreground);\">Tots els drets de propietat intel\u00b7lectual i industrial del lloc web <a href=\"http:\/\/restaurantmiralles.com\/es\/\"><strong>www.restaurantmiralles.com<\/strong><\/a> i dels seus continguts, incloent-hi textos, imatges, dissenys gr\u00e0fics, logotips, \u00edndexs, codis font, etc., s\u00f3n titularitat de Germans Juanola S.C o de tercers que hagin autoritzat la seva inclusi\u00f3 en aquest lloc web.<\/span><\/p>\n<p><span style=\"font-family: var( --e-global-typography-text-font-family ), Sans-serif; font-size: var( --e-global-typography-text-font-size ); font-style: var( --e-global-typography-text-font-style ); font-weight: var( --e-global-typography-text-font-weight ); text-transform: var( --e-global-typography-text-text-transform ); background-color: var( --e-global-color-b408008 ); color: var(--wp--preset--color--foreground);\">Queda expressament prohibit reproduir, distribuir, comunicar p\u00fablicament, transformar o fer qualsevol altra activitat amb els continguts del lloc web sense l&#8217;autoritzaci\u00f3 expressa de Germans Juanola S.C o dels respectius titulars dels drets, sempre que no estigui perm\u00e8s per la llei.<\/span><\/p>\n<p><b>4. Protecci\u00f3 de dades personals<\/b><\/p>\n<p><span style=\"font-family: var( --e-global-typography-text-font-family ), Sans-serif; font-size: var( --e-global-typography-text-font-size ); font-style: var( --e-global-typography-text-font-style ); font-weight: var( --e-global-typography-text-font-weight ); text-transform: var( --e-global-typography-text-text-transform ); background-color: var( --e-global-color-b408008 ); color: var(--wp--preset--color--foreground);\">Germans Juanola S.C compleix amb la normativa vigent en mat\u00e8ria de protecci\u00f3 de dades personals, conforme al que s&#8217;estableix en la pol\u00edtica de privacitat del lloc web <a href=\"http:\/\/restaurantmiralles.com\/es\/\"><strong>www.restaurantmiralles.com<\/strong><\/a>, que \u00e9s accessible a trav\u00e9s del seg\u00fcent enlla\u00e7: [Enlla\u00e7 a la Pol\u00edtica de Privacitat].<\/span><\/p>\n<p><b>5. Enlla\u00e7os a tercers<\/b><\/p>\n<p><span style=\"font-family: var( --e-global-typography-text-font-family ), Sans-serif; font-size: var( --e-global-typography-text-font-size ); font-style: var( --e-global-typography-text-font-style ); font-weight: var( --e-global-typography-text-font-weight ); text-transform: var( --e-global-typography-text-text-transform ); background-color: var( --e-global-color-b408008 ); color: var(--wp--preset--color--foreground);\">Aquest lloc web pot incloure enlla\u00e7os a altres llocs web que no s\u00f3n gestionats per Germans Juanola S.C. La inclusi\u00f3 d&#8217;aquests enlla\u00e7os t\u00e9 una finalitat informativa i no implica cap associaci\u00f3, aprovaci\u00f3 o supervisi\u00f3 dels continguts dels llocs enlla\u00e7ats. Germans Juanola S.C no es responsabilitza del contingut dels llocs web enlla\u00e7ats ni de qualsevol dany o p\u00e8rdua que es pugui derivar de l&#8217;acc\u00e9s als mateixos.<\/span><\/p>\n<p><b>6. Exclusi\u00f3 de responsabilitat<\/b><\/p>\n<p><span style=\"font-family: var( --e-global-typography-text-font-family ), Sans-serif; font-size: var( --e-global-typography-text-font-size ); font-style: var( --e-global-typography-text-font-style ); font-weight: var( --e-global-typography-text-font-weight ); text-transform: var( --e-global-typography-text-text-transform ); background-color: var( --e-global-color-b408008 ); color: var(--wp--preset--color--foreground);\">Germans Juanola S.C no es fa responsable dels possibles errors tipogr\u00e0fics, t\u00e8cnics o de contingut que puguin contenir les p\u00e0gines del lloc web <a href=\"http:\/\/restaurantmiralles.com\/es\/\"><strong>www.restaurantmiralles.com<\/strong><\/a>. Els continguts estan sotmesos a canvis peri\u00f2dics per millorar, ampliar, corregir o actualitzar la informaci\u00f3 proporcionada.<\/span><\/p>\n<p><span style=\"font-family: var( --e-global-typography-text-font-family ), Sans-serif; font-size: var( --e-global-typography-text-font-size ); font-style: var( --e-global-typography-text-font-style ); font-weight: var( --e-global-typography-text-font-weight ); text-transform: var( --e-global-typography-text-text-transform ); background-color: var( --e-global-color-b408008 ); color: var(--wp--preset--color--foreground);\">&nbsp;<\/span><\/p>\n<p><b><span style=\"font-family: var( --e-global-typography-text-font-family ), Sans-serif; font-size: var( --e-global-typography-text-font-size ); font-style: var( --e-global-typography-text-font-style ); text-transform: var( --e-global-typography-text-text-transform ); background-color: var( --e-global-color-b408008 ); color: var(--wp--preset--color--foreground);\">7. Legislaci\u00f3 aplicable i jurisdicci\u00f3<\/span><br><\/b><\/p>\n<p><span style=\"font-family: var( --e-global-typography-text-font-family ), Sans-serif; font-size: var( --e-global-typography-text-font-size ); font-style: var( --e-global-typography-text-font-style ); font-weight: var( --e-global-typography-text-font-weight ); text-transform: var( --e-global-typography-text-text-transform ); background-color: var( --e-global-color-b408008 ); color: var(--wp--preset--color--foreground);\">Aquest av\u00eds legal es regeix per la legislaci\u00f3 espanyola vigent. En cas de controv\u00e8rsia o discrep\u00e0ncia en la interpretaci\u00f3 o aplicaci\u00f3 d&#8217;aquest av\u00eds legal, Germans Juanola S.C i l&#8217;usuari, amb ren\u00fancia expressa a qualsevol altre fur que els pogu\u00e9s correspondre, se sotmetran a la jurisdicci\u00f3 dels jutjats i tribunals de la ciutat de Girona.<\/span><\/p>\n<p><b>Data d&#8217;\u00faltima actualitzaci\u00f3: 21\/07\/2023.<\/b><\/p>\n<p>Si us plau, llegeixi atentament aquest av\u00eds legal abans de continuar utilitzant <a href=\"http:\/\/restaurantmiralles.com\/es\/\"><strong>www.restaurantmiralles.com<\/strong><\/a>. Si t\u00e9 alguna pregunta o inquietud sobre aquest av\u00eds legal, podeu contactar amb nosaltres utilitzant les dades de contacte proporcionades anteriorment.<\/p>\n<p>Gr\u00e0cies per visitar <a href=\"http:\/\/restaurantmiralles.com\/es\/\"><strong>www.restaurantmiralles.com<\/strong><\/a>!<\/p>\t\t\t\t\t\t\t\t<\/div>\n\t\t\t\t\t<\/div>\n\t\t<\/div>\n\t\t\t\t\t<\/div>\n\t\t<\/section>\n\t\t\t\t<\/div>","protected":false},"excerpt":{"rendered":"<p>Av\u00eds legal 1. Informaci\u00f3 general En compliment amb l&#8217;article 10 de la Llei 34\/2002, de 11 de juliol, de Serveis de la Societat de la Informaci\u00f3 i de Comer\u00e7 Electr\u00f2nic, s&#8217;exposen a continuaci\u00f3 les dades identificatives del lloc web www.restaurantmiralles.com: Titular: Germans Juanola S.C NIF: J55295026 Adre\u00e7a: c\/Bernat Metge, 3-1, 1, 17490 Llan\u00e7\u00e0 (Girona) &#8211; [&hellip;]<\/p>","protected":false},"author":3,"featured_media":0,"parent":0,"menu_order":0,"comment_status":"closed","ping_status":"closed","template":"elementor_canvas","meta":{"footnotes":""},"class_list":["post-976","page","type-page","status-publish","hentry"],"_links":{"self":[{"href":"https:\/\/restaurantmiralles.com\/es\/wp-json\/wp\/v2\/pages\/976","targetHints":{"allow":["GET"]}}],"collection":[{"href":"https:\/\/restaurantmiralles.com\/es\/wp-json\/wp\/v2\/pages"}],"about":[{"href":"https:\/\/restaurantmiralles.com\/es\/wp-json\/wp\/v2\/types\/page"}],"author":[{"embeddable":true,"href":"https:\/\/restaurantmiralles.com\/es\/wp-json\/wp\/v2\/users\/3"}],"replies":[{"embeddable":true,"href":"https:\/\/restaurantmiralles.com\/es\/wp-json\/wp\/v2\/comments?post=976"}],"version-history":[{"count":0,"href":"https:\/\/restaurantmiralles.com\/es\/wp-json\/wp\/v2\/pages\/976\/revisions"}],"wp:attachment":[{"href":"https:\/\/restaurantmiralles.com\/es\/wp-json\/wp\/v2\/media?parent=976"}],"curies":[{"name":"wp","href":"https:\/\/api.w.org\/{rel}","templated":true}]}}