{"id":982,"date":"2022-05-26T14:32:07","date_gmt":"2022-05-26T14:32:07","guid":{"rendered":"http:\/\/restaurantmiralles.com\/?page_id=982"},"modified":"2023-07-21T09:58:12","modified_gmt":"2023-07-21T07:58:12","slug":"politica-de-privacitat","status":"publish","type":"page","link":"https:\/\/restaurantmiralles.com\/fr\/politica-de-privacitat\/","title":{"rendered":"Pol\u00edtica de privacitat"},"content":{"rendered":"<div data-elementor-type=\"wp-page\" data-elementor-id=\"982\" class=\"elementor elementor-982\" data-elementor-post-type=\"page\">\n\t\t\t\t\t\t<section class=\"elementor-section elementor-top-section elementor-element elementor-element-78eb4612 elementor-section-boxed elementor-section-height-default elementor-section-height-default\" data-id=\"78eb4612\" data-element_type=\"section\" data-e-type=\"section\">\n\t\t\t\t\t\t<div class=\"elementor-container elementor-column-gap-default\">\n\t\t\t\t\t<div class=\"elementor-column elementor-col-100 elementor-top-column elementor-element elementor-element-18c03e09\" data-id=\"18c03e09\" data-element_type=\"column\" data-e-type=\"column\">\n\t\t\t<div class=\"elementor-widget-wrap elementor-element-populated\">\n\t\t\t\t\t\t<div class=\"elementor-element elementor-element-248789f6 elementor-widget elementor-widget-heading\" data-id=\"248789f6\" data-element_type=\"widget\" data-e-type=\"widget\" data-widget_type=\"heading.default\">\n\t\t\t\t\t<h2 class=\"elementor-heading-title elementor-size-default\">Pol\u00edtica de privacitat<\/h2>\t\t\t\t<\/div>\n\t\t\t\t\t<\/div>\n\t\t<\/div>\n\t\t\t\t\t<\/div>\n\t\t<\/section>\n\t\t\t\t<section class=\"elementor-section elementor-top-section elementor-element elementor-element-49853475 elementor-section-boxed elementor-section-height-default elementor-section-height-default\" data-id=\"49853475\" data-element_type=\"section\" data-e-type=\"section\">\n\t\t\t\t\t\t<div class=\"elementor-container elementor-column-gap-default\">\n\t\t\t\t\t<div class=\"elementor-column elementor-col-100 elementor-top-column elementor-element elementor-element-31763ce9\" data-id=\"31763ce9\" data-element_type=\"column\" data-e-type=\"column\">\n\t\t\t<div class=\"elementor-widget-wrap elementor-element-populated\">\n\t\t\t\t\t\t<div class=\"elementor-element elementor-element-556caa12 elementor-widget elementor-widget-text-editor\" data-id=\"556caa12\" data-element_type=\"widget\" data-e-type=\"widget\" data-widget_type=\"text-editor.default\">\n\t\t\t\t\t\t\t\t\t<p>Data d&#8217;\u00faltima actualitzaci\u00f3: 21\/07\/2023<\/p><p>La present Pol\u00edtica de Privacitat regula la recopilaci\u00f3, l&#8217;\u00fas i la protecci\u00f3 de les dades personals que l&#8217;usuari proporcioni al navegar o utilitzar el lloc web <a href=\"http:\/\/restaurantmiralles.com\/fr\/\"><strong>www.restaurantmiralles.com<\/strong><\/a> (d&#8217;ara endavant, &#8220;el lloc web&#8221;), titularitat de <strong>Germans Juanola S.C<\/strong> (d&#8217;ara endavant, &#8220;nosaltres&#8221; o &#8220;el titular&#8221;).<\/p><p>Aquesta Pol\u00edtica de Privacitat t\u00e9 com a objectiu explicar quines dades recopilem, com les utilitzem i com les protegim.<\/p><p><strong>1. Dades personals recopilades<\/strong><\/p><p>Les dades personals s\u00f3n aquelles que permeten identificar o fer identificable a una persona f\u00edsica. En el nostre lloc web, recopilem les seg\u00fcents dades personals:<\/p><p>&#8211; Nom i cognoms.<br \/>&#8211; Adre\u00e7a de correu electr\u00f2nic.<br \/>&#8211; N\u00famero de tel\u00e8fon de contacte.<br \/>&#8211; Altres dades que l&#8217;usuari decideixi volunt\u00e0riament proporcionar-nos a trav\u00e9s de formularis o comunicacions.<\/p><p><strong>2. Finalitat del tractament de les dades personals<\/strong><\/p><p>Les dades personals proporcionades per l&#8217;usuari seran tractades amb la finalitat de:<\/p><p>&#8211; Gestionar les consultes, suggeriments o sol\u00b7licituds que l&#8217;usuari realitzi a trav\u00e9s del lloc web.<br \/>&#8211; Processar les reserves de serveis o productes realitzades a trav\u00e9s del lloc web.<br \/>&#8211; Enviar informaci\u00f3 comercial i promocional relacionada amb els nostres productes i serveis, sempre que l&#8217;usuari ho hagi consentit expressament.<br \/>&#8211; Millorar la nostra p\u00e0gina web, els productes i els serveis que oferim.<\/p><p><strong>3. Base jur\u00eddica del tractament<\/strong><\/p><p>La base jur\u00eddica per al tractament de les dades personals \u00e9s el consentiment de l&#8217;usuari, expressat mitjan\u00e7ant l&#8217;acceptaci\u00f3 de la present Pol\u00edtica de Privacitat o a trav\u00e9s del subministrament voluntari de les seves dades personals en els formularis habilitats en el lloc web.<\/p><p><strong>4. Comunicaci\u00f3 de les dades personals<\/strong><\/p><p>Les dades personals de l&#8217;usuari no seran cedides ni compartides amb tercers, llevat que existeixi una obligaci\u00f3 legal o que comptem amb el consentiment expr\u00e9s de l&#8217;usuari per a aquesta comunicaci\u00f3.<\/p><p>Tanmateix, podem utilitzar serveis de tercers per a l&#8217;enviament de comunicacions comercials, per\u00f2 aquests tercers no tindran acc\u00e9s a les dades personals dels usuaris.<\/p><p><strong>5. Mesures de seguretat<\/strong><\/p><p>Ens comprometem a protegir les dades personals de l&#8217;usuari. Per a aix\u00f2, hem implementat les mesures de seguretat adequades per prevenir l&#8217;acc\u00e9s no autoritzat, la p\u00e8rdua o divulgaci\u00f3 de dades personals. No obstant aix\u00f2, cal tenir en compte que cap transmissi\u00f3 d&#8217;informaci\u00f3 per internet \u00e9s completament segura i que sempre existeix un cert grau de risc associat a la seva utilitzaci\u00f3.<\/p><p><strong>6. Drets de l&#8217;usuari<\/strong><\/p><p>L&#8217;usuari t\u00e9 dret a accedir, rectificar, suprimir, limitar, oposar-se i portar les seves dades personals, de conformitat amb la normativa de protecci\u00f3 de dades aplicable. Per exercir aquests drets, l&#8217;usuari pot posar-se en contacte amb nosaltres utilitzant les dades de contacte proporcionades en aquest lloc web.<\/p><p><strong>7. Canvis en la Pol\u00edtica de Privacitat<\/strong><\/p><p>Ens reservem el dret de modificar o actualitzar aquesta Pol\u00edtica de Privacitat en qualsevol moment. Les modificacions entraran en vigor a partir de la seva publicaci\u00f3 al lloc web. \u00c9s responsabilitat de l&#8217;usuari revisar peri\u00f2dicament aquesta Pol\u00edtica de Privacitat per estar informat sobre possibles canvis.<\/p><p>Si us plau, llegeixi atentament aquesta Pol\u00edtica de Privacitat abans de proporcionar les seves dades personals o continuar utilitzant <a href=\"http:\/\/restaurantmiralles.com\/fr\/\"><strong>www.restaurantmiralles.com.<\/strong><\/a> Si t\u00e9 alguna pregunta o inquietud sobre aquesta Pol\u00edtica de Privacitat, podeu contactar amb nosaltres utilitzant les dades de contacte proporcionades en aquest lloc web.<\/p><p>Gr\u00e0cies per confiar en <a href=\"http:\/\/restaurantmiralles.com\/fr\/\"><strong>www.restaurantmiralles.com<\/strong><\/a>!<\/p>\t\t\t\t\t\t\t\t<\/div>\n\t\t\t\t\t<\/div>\n\t\t<\/div>\n\t\t\t\t\t<\/div>\n\t\t<\/section>\n\t\t\t\t<\/div>","protected":false},"excerpt":{"rendered":"<p>Pol\u00edtica de privacitat Data d&#8217;\u00faltima actualitzaci\u00f3: 21\/07\/2023 La present Pol\u00edtica de Privacitat regula la recopilaci\u00f3, l&#8217;\u00fas i la protecci\u00f3 de les dades personals que l&#8217;usuari proporcioni al navegar o utilitzar el lloc web www.restaurantmiralles.com (d&#8217;ara endavant, &#8220;el lloc web&#8221;), titularitat de Germans Juanola S.C (d&#8217;ara endavant, &#8220;nosaltres&#8221; o &#8220;el titular&#8221;). Aquesta Pol\u00edtica de Privacitat t\u00e9 [&hellip;]<\/p>","protected":false},"author":3,"featured_media":0,"parent":0,"menu_order":0,"comment_status":"closed","ping_status":"closed","template":"elementor_canvas","meta":{"footnotes":""},"class_list":["post-982","page","type-page","status-publish","hentry"],"_links":{"self":[{"href":"https:\/\/restaurantmiralles.com\/fr\/wp-json\/wp\/v2\/pages\/982","targetHints":{"allow":["GET"]}}],"collection":[{"href":"https:\/\/restaurantmiralles.com\/fr\/wp-json\/wp\/v2\/pages"}],"about":[{"href":"https:\/\/restaurantmiralles.com\/fr\/wp-json\/wp\/v2\/types\/page"}],"author":[{"embeddable":true,"href":"https:\/\/restaurantmiralles.com\/fr\/wp-json\/wp\/v2\/users\/3"}],"replies":[{"embeddable":true,"href":"https:\/\/restaurantmiralles.com\/fr\/wp-json\/wp\/v2\/comments?post=982"}],"version-history":[{"count":0,"href":"https:\/\/restaurantmiralles.com\/fr\/wp-json\/wp\/v2\/pages\/982\/revisions"}],"wp:attachment":[{"href":"https:\/\/restaurantmiralles.com\/fr\/wp-json\/wp\/v2\/media?parent=982"}],"curies":[{"name":"wp","href":"https:\/\/api.w.org\/{rel}","templated":true}]}}